{"id":25751,"date":"2016-06-06T15:31:01","date_gmt":"2016-06-06T18:31:01","guid":{"rendered":"http:\/\/www.comodoro.gov.ar\/desarrollohumano\/?page_id=25751"},"modified":"2026-02-13T11:04:01","modified_gmt":"2026-02-13T14:04:01","slug":"direccion-de-promocion-de-calidad-de-vida","status":"publish","type":"page","link":"https:\/\/www.comodoro.gov.ar\/desarrollohumano\/direccion-de-promocion-de-calidad-de-vida\/","title":{"rendered":"Direcci\u00f3n de Discapacidad"},"content":{"rendered":"<hr \/>\n<h3><strong>Direcci\u00f3n General de Promoci\u00f3n de Derechos para Personas con Discapacidad<br \/>\n<\/strong><\/h3>\n<p><strong>Directora<img loading=\"lazy\" decoding=\"async\" class=\"wp-image-33744 alignleft\" src=\"https:\/\/www.comodoro.gov.ar\/desarrollohumano\/wp-content\/uploads\/2024\/05\/380149878_689716593195646_1419299387483860507_n.jpg\" alt=\"\" width=\"183\" height=\"183\" srcset=\"https:\/\/www.comodoro.gov.ar\/desarrollohumano\/wp-content\/uploads\/2024\/05\/380149878_689716593195646_1419299387483860507_n.jpg 500w, https:\/\/www.comodoro.gov.ar\/desarrollohumano\/wp-content\/uploads\/2024\/05\/380149878_689716593195646_1419299387483860507_n-300x300.jpg 300w, https:\/\/www.comodoro.gov.ar\/desarrollohumano\/wp-content\/uploads\/2024\/05\/380149878_689716593195646_1419299387483860507_n-150x150.jpg 150w\" sizes=\"auto, (max-width: 183px) 100vw, 183px\" \/><\/strong><strong>: <\/strong>Lic. Luciana Bord\u00f3n<\/p>\n<p><strong>Direcci\u00f3n: <\/strong>San Jos\u00e9 de J\u00e1chal 756 \u2013 Barrio Pueyrred\u00f3n<\/p>\n<p><strong>Horario de atenci\u00f3n:<\/strong> 08 a 15 hs<\/p>\n<p><strong>Asesoramiento: <\/strong>297 527 8209<\/p>\n<p><strong>Area Social y T\u00e9cnica:\u00a0<\/strong>297 419 0063<\/p>\n<p><strong>Centro de D\u00eda Socioterapeutico: <\/strong>511 8188 \/ 297 443 2229<\/p>\n<p><strong>Email:<\/strong> \u00a0<a href=\"mailto:d.discapacidad@comodoro.gov.ar\" target=\"_blank\" rel=\"noopener\">d.<\/a><a href=\"mailto:d.discapacidad@comodoro.gov.ar\" target=\"_blank\" rel=\"noopener\">discapacidad<\/a><a href=\"mailto:d.discapacidad@comodoro.gov.ar\" target=\"_blank\" rel=\"noopener\">@comodoro.gov.ar<\/a><\/p>\n<p><b>Intagram: <\/b><a href=\"https:\/\/www.instagram.com\/dir.discapacidad.cr?igsh=MXNta3ZobDlzNXV1MQ==\">@dir.discapacidad.cr<\/a><\/p>\n<p><strong>Facebook:\u00a0<\/strong><a href=\"https:\/\/www.facebook.com\/direccion.dediscapacidad\">Direcci\u00f3n de Discapacidad<\/a><\/p>\n","protected":false},"excerpt":{"rendered":"<p>Direcci\u00f3n General de Promoci\u00f3n de Derechos para Personas con Discapacidad Directora: Lic. Luciana Bord\u00f3n Direcci\u00f3n:<\/p>\n","protected":false},"author":1,"featured_media":0,"parent":0,"menu_order":0,"comment_status":"closed","ping_status":"closed","template":"","meta":{"footnotes":""},"class_list":["post-25751","page","type-page","status-publish","hentry"],"_links":{"self":[{"href":"https:\/\/www.comodoro.gov.ar\/desarrollohumano\/wp-json\/wp\/v2\/pages\/25751","targetHints":{"allow":["GET"]}}],"collection":[{"href":"https:\/\/www.comodoro.gov.ar\/desarrollohumano\/wp-json\/wp\/v2\/pages"}],"about":[{"href":"https:\/\/www.comodoro.gov.ar\/desarrollohumano\/wp-json\/wp\/v2\/types\/page"}],"author":[{"embeddable":true,"href":"https:\/\/www.comodoro.gov.ar\/desarrollohumano\/wp-json\/wp\/v2\/users\/1"}],"replies":[{"embeddable":true,"href":"https:\/\/www.comodoro.gov.ar\/desarrollohumano\/wp-json\/wp\/v2\/comments?post=25751"}],"version-history":[{"count":10,"href":"https:\/\/www.comodoro.gov.ar\/desarrollohumano\/wp-json\/wp\/v2\/pages\/25751\/revisions"}],"predecessor-version":[{"id":33743,"href":"https:\/\/www.comodoro.gov.ar\/desarrollohumano\/wp-json\/wp\/v2\/pages\/25751\/revisions\/33743"}],"wp:attachment":[{"href":"https:\/\/www.comodoro.gov.ar\/desarrollohumano\/wp-json\/wp\/v2\/media?parent=25751"}],"curies":[{"name":"wp","href":"https:\/\/api.w.org\/{rel}","templated":true}]}}