{"id":26234,"date":"2014-10-17T09:23:52","date_gmt":"2014-10-17T12:23:52","guid":{"rendered":"http:\/\/www.comodoro.gov.ar\/desarrollohumano\/?page_id=26234"},"modified":"2025-10-27T12:44:42","modified_gmt":"2025-10-27T15:44:42","slug":"noticias","status":"publish","type":"page","link":"https:\/\/www.comodoro.gov.ar\/desarrollohumano\/","title":{"rendered":"El CPB Presidente Ortiz celebr\u00f3 la Semana de la Familia con una jornada recreativa"},"content":{"rendered":"<p><em>El evento destac\u00f3 la importancia del acompa\u00f1amiento familiar en las primeras etapas de desarrollo de los ni\u00f1os, y reafirm\u00f3 el compromiso con la promoci\u00f3n de actividades inclusivas y recreativas que fortalecen los lazos familiares y comunitarios.<\/em><\/p>\n<p>En el marco de la celebraci\u00f3n de la Semana de la Familia, el Centro de Promoci\u00f3n Barrial (CPB) Presidente Ortiz, dependiente de la Secretar\u00eda de Desarrollo Humano y Familia Municipal, organiz\u00f3 un encuentro especial que reuni\u00f3 a docentes, directivos y 20 familias con sus hijos e hijas.<\/p>\n<p><img loading=\"lazy\" decoding=\"async\" class=\"alignnone wp-image-36194\" src=\"https:\/\/www.comodoro.gov.ar\/desarrollohumano\/wp-content\/uploads\/2025\/10\/Dia-de-La-Familia-Ortiz-.jpeg\" alt=\"\" width=\"524\" height=\"349\" srcset=\"https:\/\/www.comodoro.gov.ar\/desarrollohumano\/wp-content\/uploads\/2025\/10\/Dia-de-La-Familia-Ortiz-.jpeg 1600w, https:\/\/www.comodoro.gov.ar\/desarrollohumano\/wp-content\/uploads\/2025\/10\/Dia-de-La-Familia-Ortiz--300x200.jpeg 300w, https:\/\/www.comodoro.gov.ar\/desarrollohumano\/wp-content\/uploads\/2025\/10\/Dia-de-La-Familia-Ortiz--1024x682.jpeg 1024w, https:\/\/www.comodoro.gov.ar\/desarrollohumano\/wp-content\/uploads\/2025\/10\/Dia-de-La-Familia-Ortiz--768x512.jpeg 768w, https:\/\/www.comodoro.gov.ar\/desarrollohumano\/wp-content\/uploads\/2025\/10\/Dia-de-La-Familia-Ortiz--1536x1023.jpeg 1536w\" sizes=\"auto, (max-width: 524px) 100vw, 524px\" \/><\/p>\n<p>&nbsp;<\/p>\n<p>La jornada que estuvo destinada a los infantes, que asisten a las salas de 1 y 2 a\u00f1os del Jard\u00edn Maternal que funciona en el CPB., tuvo lugar inicialmente en las instalaciones del Club USMA, donde se compartieron juegos recreativos y deportivos, para luego culminar con un almuerzo compartido en el Centro de Promoci\u00f3n Barrial.<\/p>\n<p>La directora del CPB Presidente Ortiz, Carina Y\u00e1\u00f1ez, indic\u00f3 que \u201cel objetivo es que las familias sean parte de las propuestas y acompa\u00f1en a sus hijos e hijas a participar de cada rinc\u00f3n de juego que les planteamos en esta oportunidad\u201d.<\/p>\n<p>Mientras que en referencia a la convocatoria sostuvo que fue abierta a todas las familias. &#8220;Tuvimos la presencia de pap\u00e1s, mam\u00e1s, t\u00edos, t\u00edas y abuelos, quienes fueron los principales destinatarios de esta jornada. El apoyo de los adultos referentes, que pueden estar, contener y acompa\u00f1ar en la primera infancia, es fundamental para el desarrollo integral de los ni\u00f1os\u201d, subray\u00f3 la directora.<\/p>\n<p>\u201cEste evento es la actividad de cierre del proyecto del equipo de Jard\u00edn Maternal, en el marco de la celebraci\u00f3n de la semana de la familia, para el cual realizamos diferentes juegos, entre ellos l\u00fadicos y recreativos, tenemos un sector de atriles de expresi\u00f3n, juegos de emboque, un tobog\u00e1n en la pileta con pelotas, entre otros\u201d, detall\u00f3 Y\u00e1\u00f1ez.<\/p>\n<p>Asimismo, \u00c1ngeles, docente de la sala de 1 a\u00f1o del jard\u00edn maternal, resalt\u00f3 la importancia de este tipo de eventos para revalorizar los espacios de la primera infancia y fortalecer los v\u00ednculos familiares a trav\u00e9s del juego, al expresar que \u201cestos momentos son \u00fanicos, ya que permiten a los padres compartir con sus hijos actividades enriquecedoras, que favorecen la vinculaci\u00f3n y el desarrollo emocional\u201d, agreg\u00f3.<\/p>\n<p>Finalmente, Giselle, mam\u00e1 de Enzo \u2013ni\u00f1o que asiste a sala de un a\u00f1o- enfatiz\u00f3 \u201ca nosotros como padres estos eventos nos encantan, siempre tratamos de participar en todo lo que propone el jard\u00edn, m\u00e1s que nada porque Enzo, se ve fascinado con todo lo que llegan a hacer, por lo que tratamos de acompa\u00f1arlo siempre. Se ha generado un v\u00ednculo muy lindo con los pap\u00e1s de la salita de \u00e9l\u201d, cerr\u00f3.<\/p>\n","protected":false},"excerpt":{"rendered":"<p>El evento destac\u00f3 la importancia del acompa\u00f1amiento familiar en las primeras etapas de desarrollo de<\/p>\n","protected":false},"author":1,"featured_media":0,"parent":0,"menu_order":0,"comment_status":"closed","ping_status":"closed","template":"template-home.php","meta":{"footnotes":""},"class_list":["post-26234","page","type-page","status-publish","hentry"],"_links":{"self":[{"href":"https:\/\/www.comodoro.gov.ar\/desarrollohumano\/wp-json\/wp\/v2\/pages\/26234","targetHints":{"allow":["GET"]}}],"collection":[{"href":"https:\/\/www.comodoro.gov.ar\/desarrollohumano\/wp-json\/wp\/v2\/pages"}],"about":[{"href":"https:\/\/www.comodoro.gov.ar\/desarrollohumano\/wp-json\/wp\/v2\/types\/page"}],"author":[{"embeddable":true,"href":"https:\/\/www.comodoro.gov.ar\/desarrollohumano\/wp-json\/wp\/v2\/users\/1"}],"replies":[{"embeddable":true,"href":"https:\/\/www.comodoro.gov.ar\/desarrollohumano\/wp-json\/wp\/v2\/comments?post=26234"}],"version-history":[{"count":11,"href":"https:\/\/www.comodoro.gov.ar\/desarrollohumano\/wp-json\/wp\/v2\/pages\/26234\/revisions"}],"predecessor-version":[{"id":36195,"href":"https:\/\/www.comodoro.gov.ar\/desarrollohumano\/wp-json\/wp\/v2\/pages\/26234\/revisions\/36195"}],"wp:attachment":[{"href":"https:\/\/www.comodoro.gov.ar\/desarrollohumano\/wp-json\/wp\/v2\/media?parent=26234"}],"curies":[{"name":"wp","href":"https:\/\/api.w.org\/{rel}","templated":true}]}}