{"id":28245,"date":"2016-06-28T08:55:19","date_gmt":"2016-06-28T11:55:19","guid":{"rendered":"http:\/\/www.comodoro.gov.ar\/desarrollohumano\/?page_id=28245"},"modified":"2025-10-27T13:44:43","modified_gmt":"2025-10-27T16:44:43","slug":"la-secretaria","status":"publish","type":"page","link":"https:\/\/www.comodoro.gov.ar\/desarrollohumano\/la-secretaria\/","title":{"rendered":"Secretar\u00eda\u00a0de\u00a0Desarrollo\u00a0Humano y\u00a0Familia"},"content":{"rendered":"<p><strong>Secretario:<\/strong> Dr. \u00c1ngel Rivas.<\/p>\n<p><strong>Subsecretaria\u00a0<\/strong>Lic. Julieta Miranda.<\/p>\n<p><strong>Subsecretaria de Protecci\u00f3n, Promoci\u00f3n Social y Comunitaria:<\/strong><\/p>\n<p><strong>Despacho Administrativo<\/strong>: Cristina Micucci (incluye flota vehicular \/ maestranza &#8211; cocina).<\/p>\n<p><strong>Asesor\u00eda contable<\/strong>: M\u00f3nica Maldonado.<\/p>\n<ul>\n<li><a href=\"https:\/\/www.comodoro.gov.ar\/desarrollohumano\/?p=25870\"><strong>Direcci\u00f3n\u00a0Nutricional y Comedores Comunitarios<\/strong><\/a><strong>:<\/strong> Lic. Fernanda Guzm\u00e1n.<\/li>\n<li><strong><a href=\"https:\/\/www.comodoro.gov.ar\/desarrollohumano\/?p=26033\">Direcci\u00f3n de Alfabetizaci\u00f3n y Accesibilidad Digital<\/a><\/strong>: Lucas Rodr\u00edguez.<\/li>\n<li><strong><u><a href=\"https:\/\/www.comodoro.gov.ar\/desarrollohumano\/?p=25949\">Direcci\u00f3n General de Ayuda Social Directa:<\/a><\/u><\/strong> Walter V\u00e1zquez.<\/li>\n<li><strong>Direcci\u00f3n Social<\/strong>: Viviana M\u00e1rquez.<\/li>\n<li><strong><a href=\"https:\/\/www.comodoro.gov.ar\/desarrollohumano\/2014\/09\/12\/direccion-general-de-promocion-social-y-comunitaria\/\"><u>Direcci\u00f3n General de Promoci\u00f3n Social\u00a0 y Comunitaria<\/u><\/a>:<\/strong> Lic. Claudina Vargas<\/li>\n<li><strong>Despacho Administrativo<\/strong>: Gladys Hidalgo.<\/li>\n<li><a href=\"https:\/\/www.comodoro.gov.ar\/desarrollohumano\/?page_id=26074\"><strong>Dir. CPB Evita<\/strong><\/a>: A cargo Prof. Laura Guti\u00e9rrez.<\/li>\n<li><strong><a href=\"https:\/\/www.comodoro.gov.ar\/desarrollohumano\/?page_id=26083\">Dir. San Mart\u00edn<\/a><\/strong>: Lic. Rosana Barrientos.<\/li>\n<li><a href=\"https:\/\/www.comodoro.gov.ar\/desarrollohumano\/?page_id=26102\"><strong>Dir. CPB Stella Maris<\/strong><\/a>:\u00a0 Ver\u00f3nica Mu\u00f1oz.<\/li>\n<li><strong><a href=\"https:\/\/www.comodoro.gov.ar\/desarrollohumano\/?page_id=26104\">Dir. CPB Isidro Quiroga<\/a><\/strong>: OPS. Karina Mendoza.<\/li>\n<li><strong><a href=\"https:\/\/www.comodoro.gov.ar\/desarrollohumano\/?page_id=26109\">Dir. CPB Pte. Ortiz<\/a><\/strong>: Prof. Carina Ya\u00f1ez.<\/li>\n<li><strong><a href=\"https:\/\/www.comodoro.gov.ar\/desarrollohumano\/?page_id=26112\">Dir. CPB Don Bosco<\/a><\/strong>: Lic. Patricia Hern\u00e1ndez.<\/li>\n<li><strong><a href=\"https:\/\/www.comodoro.gov.ar\/desarrollohumano\/?page_id=26115\">Dir. CPB Pro. Palazzo<\/a><\/strong>: Lic. Carina Aguirre.<\/li>\n<li><a href=\"https:\/\/www.comodoro.gov.ar\/desarrollohumano\/?page_id=26118\"><strong>Dir. CPB 30 de Octubre<\/strong><\/a>: Lic. Corina Cifuentea<\/li>\n<li><a href=\"https:\/\/www.comodoro.gov.ar\/desarrollohumano\/?page_id=26121\"><strong>Dir. CPB Diadema<\/strong><\/a>: Prof. Paola Herrera<\/li>\n<li><a href=\"https:\/\/www.comodoro.gov.ar\/desarrollohumano\/?page_id=26123\"><strong>Dir. CPB Los Grillitos<\/strong><\/a>: Gloria Alarc\u00f3n.<\/li>\n<li><strong><a href=\"https:\/\/www.comodoro.gov.ar\/desarrollohumano\/?page_id=26126\">Dir. CPB M\u00e1ximo Ab\u00e1solo<\/a><\/strong>: Lic. Giovana Sandoval.<\/li>\n<li><a href=\"https:\/\/www.comodoro.gov.ar\/desarrollohumano\/?p=25971\"><strong>Dir. Juegotecas Comunitarias:<\/strong><\/a> Tec. Jos\u00e9 Perrone.<\/li>\n<li><strong><a href=\"https:\/\/www.comodoro.gov.ar\/desarrollohumano\/?p=33687&amp;preview=true\">Direcci\u00f3n General de Pol\u00edticas Sociales<\/a><\/strong>: A\/C Lic. Laura Iba\u00f1ez.<\/li>\n<li><strong><a href=\"https:\/\/www.comodoro.gov.ar\/desarrollohumano\/?p=25545\">Direcci\u00f3n General de Adultos Mayores<\/a><\/strong>: Lic. Viviana Traversa.<\/li>\n<li><strong><a href=\"https:\/\/www.comodoro.gov.ar\/desarrollohumano\/2024\/05\/10\/direccion-general-de-casos-de-derechos-economicos-y-sociales\/\">Direcci\u00f3n General de Casos de Derechos Econ\u00f3micos y Sociales<\/a><\/strong>: Lic. Cecilia Ocampo.<\/li>\n<li><strong><a href=\"https:\/\/www.comodoro.gov.ar\/desarrollohumano\/?page_id=25503\">Direcci\u00f3n General de derechos para Personas con Discapacidad<\/a><\/strong>: Lic. Luciana Bord\u00f3n.<\/li>\n<li><strong><a href=\"https:\/\/www.comodoro.gov.ar\/desarrollohumano\/2022\/09\/30\/centro-de-dia-socioterapeutico-para-jovenes-y-adultos-con-discapacidad\/\">Centro de D\u00eda Socioterap\u00e9utico<\/a><\/strong><\/li>\n<li><strong>Dir. General de Servicio de Protecci\u00f3n de Derechos de la Ni\u00f1ez, Adolescencia y Familia<\/strong>:\u00a0 Lic. Alejandra Vidal<\/li>\n<li><strong>Direcci\u00f3n de Programas<\/strong>: Lic. Martina Calf\u00fa.<\/li>\n<li><strong>Direcci\u00f3n Territorial<\/strong>: Ab. Silvana Gallardo.<\/li>\n<li><strong><a href=\"https:\/\/www.comodoro.gov.ar\/desarrollohumano\/?p=25922\">Programa Familias del Coraz\u00f3n<\/a><\/strong><\/li>\n<li><strong><a href=\"https:\/\/www.comodoro.gov.ar\/desarrollohumano\/?page_id=25904\">Programa Haciendo Futuro<\/a><\/strong><\/li>\n<li><strong>Programa Adolescentes en Redes<\/strong><\/li>\n<li><strong><a href=\"https:\/\/www.comodoro.gov.ar\/desarrollohumano\/2024\/05\/10\/direccion-de-autoconocimiento-y-transformacion\/\">Direcci\u00f3n de Autoconocimiento y Transformaci\u00f3n<\/a><\/strong>: Marcela Rodr\u00edguez.<\/li>\n<li><a href=\"https:\/\/www.comodoro.gov.ar\/desarrollohumano\/2016\/06\/06\/direccion-de-centro-de-promocion-para-la-inclusion-social-del-adolescente-la-esquina\/\"><strong>Direcci\u00f3n\u00a0 Programa Adolescencia<\/strong><\/a>: Adriana Mart\u00ednez<\/li>\n<li><a href=\"https:\/\/www.comodoro.gov.ar\/desarrollohumano\/2024\/05\/08\/espacio-sociocultural-patria-grande\/\"><strong>Direcci\u00f3n Espacio Sociocultural Patria Grande<\/strong><\/a>: Lic. Emilce Otermi.<\/li>\n<li><strong><a href=\"https:\/\/www.comodoro.gov.ar\/desarrollohumano\/?p=25847\">Direcci\u00f3n de Comunicaci\u00f3n Social Institucional y Period\u00edstica<\/a><\/strong>: A\/C Lic. Trinidad Mart\u00ednez<\/li>\n<\/ul>\n","protected":false},"excerpt":{"rendered":"<p>Secretario: Dr. \u00c1ngel Rivas. Subsecretaria\u00a0Lic. Julieta Miranda. Subsecretaria de Protecci\u00f3n, Promoci\u00f3n Social y Comunitaria: Despacho<\/p>\n","protected":false},"author":1,"featured_media":36074,"parent":0,"menu_order":0,"comment_status":"closed","ping_status":"closed","template":"","meta":{"footnotes":""},"class_list":["post-28245","page","type-page","status-publish","has-post-thumbnail","hentry"],"_links":{"self":[{"href":"https:\/\/www.comodoro.gov.ar\/desarrollohumano\/wp-json\/wp\/v2\/pages\/28245","targetHints":{"allow":["GET"]}}],"collection":[{"href":"https:\/\/www.comodoro.gov.ar\/desarrollohumano\/wp-json\/wp\/v2\/pages"}],"about":[{"href":"https:\/\/www.comodoro.gov.ar\/desarrollohumano\/wp-json\/wp\/v2\/types\/page"}],"author":[{"embeddable":true,"href":"https:\/\/www.comodoro.gov.ar\/desarrollohumano\/wp-json\/wp\/v2\/users\/1"}],"replies":[{"embeddable":true,"href":"https:\/\/www.comodoro.gov.ar\/desarrollohumano\/wp-json\/wp\/v2\/comments?post=28245"}],"version-history":[{"count":32,"href":"https:\/\/www.comodoro.gov.ar\/desarrollohumano\/wp-json\/wp\/v2\/pages\/28245\/revisions"}],"predecessor-version":[{"id":36216,"href":"https:\/\/www.comodoro.gov.ar\/desarrollohumano\/wp-json\/wp\/v2\/pages\/28245\/revisions\/36216"}],"wp:featuredmedia":[{"embeddable":true,"href":"https:\/\/www.comodoro.gov.ar\/desarrollohumano\/wp-json\/wp\/v2\/media\/36074"}],"wp:attachment":[{"href":"https:\/\/www.comodoro.gov.ar\/desarrollohumano\/wp-json\/wp\/v2\/media?parent=28245"}],"curies":[{"name":"wp","href":"https:\/\/api.w.org\/{rel}","templated":true}]}}